{"id":18,"date":"2022-03-22T23:34:28","date_gmt":"2022-03-22T22:34:28","guid":{"rendered":"http:\/\/hausarzt-hayen.de\/?page_id=18"},"modified":"2022-05-04T22:51:04","modified_gmt":"2022-05-04T20:51:04","slug":"impressum","status":"publish","type":"page","link":"https:\/\/hausarzt-hayen.de\/index.php\/impressum\/","title":{"rendered":"Impressum"},"content":{"rendered":"\n<h2 class=\"wp-block-heading\">Angaben gem\u00e4\u00df \u00a7 5 TMG<\/h2>\n\n\n\n<p>Bernd Hayen<br>Praxis Hayen<br>Bahnhofstra\u00dfe 9<br>27211 Bassum<\/p>\n\n\n\n<h2 class=\"wp-block-heading\">Kontakt<\/h2>\n\n\n\n<p>Telefon: 04241 9229099<br>Telefax: 042419229100<br>E-Mail: praxis-hayen@t-online.de<\/p>\n\n\n\n<h2 class=\"wp-block-heading\">Aufsichts\u00adbeh\u00f6rde<\/h2>\n\n\n\n<p>Kassen\u00e4rztliche Vereinigung Niedersachen<br>Berliner Allee 22<br>30175 Hannover<\/p>\n\n\n\n<p>https:\/\/www.kvn.de\/<\/p>\n\n\n\n<h2 class=\"wp-block-heading\">Berufs\u00adbezeichnung und berufs\u00adrechtliche Regelungen<\/h2>\n\n\n\n<p>Berufsbezeichnung:<br>Facharzt f\u00fcr Innere Medizin<\/p>\n\n\n\n<p>Zust\u00e4ndige Kammer:<br>\u00c4rztekammer Niedersachsen<br>Berliner Allee 20<br>30175 Hannover<\/p>\n\n\n\n<p>Verliehen in:<br>Deutschland<\/p>\n\n\n\n<p>Es gelten folgende berufsrechtliche Regelungen:<br>Berufsordnung der \u00c4rztekammer Niedersachsen, einsehbar unter: https:\/\/www.aekn.de\/fileadmin\/inhalte\/pdf\/arzt-und-recht\/berufsrechtniedersachsen\/<br>BO_komplett_01052020.pdf<\/p>\n\n\n\n<h2 class=\"wp-block-heading\">Redaktionell verantwortlich<\/h2>\n\n\n\n<p>Bernd Hayen<br>Bahnhofstra\u00dfe 9<br>27211 Bassum<\/p>\n\n\n\n<h2 class=\"wp-block-heading\">Verbraucher\u00adstreit\u00adbeilegung\/Universal\u00adschlichtungs\u00adstelle<\/h2>\n\n\n\n<p>Wir sind nicht bereit oder verpflichtet, an Streitbeilegungsverfahren vor einer Verbraucherschlichtungsstelle teilzunehmen.<\/p>\n\n\n\n<p>Quelle: <a href=\"https:\/\/www.e-recht24.de\/\" data-type=\"URL\" data-id=\"https:\/\/www.e-recht24.de\/\">eRecht24<\/a><\/p>\n\n\n\n<div style=\"height:1rem\" aria-hidden=\"true\" class=\"wp-block-spacer\"><\/div>\n\n\n\n<p>Konzept, Gestaltung und Inhalte: Friederike Hayen, friederike.hayen@gmail.com<\/p>\n","protected":false},"excerpt":{"rendered":"<p>Angaben gem\u00e4\u00df \u00a7 5 TMG Bernd HayenPraxis HayenBahnhofstra\u00dfe 927211 Bassum Kontakt Telefon: 04241 9229099Telefax: 042419229100E-Mail: praxis-hayen@t-online.de Aufsichts\u00adbeh\u00f6rde Kassen\u00e4rztliche Vereinigung NiedersachenBerliner Allee 2230175 Hannover https:\/\/www.kvn.de\/ Berufs\u00adbezeichnung und berufs\u00adrechtliche Regelungen Berufsbezeichnung:Facharzt f\u00fcr Innere Medizin Zust\u00e4ndige Kammer:\u00c4rztekammer NiedersachsenBerliner Allee 2030175 Hannover Verliehen in:Deutschland Es gelten folgende berufsrechtliche Regelungen:Berufsordnung der \u00c4rztekammer Niedersachsen, einsehbar unter: https:\/\/www.aekn.de\/fileadmin\/inhalte\/pdf\/arzt-und-recht\/berufsrechtniedersachsen\/BO_komplett_01052020.pdf Redaktionell verantwortlich Bernd HayenBahnhofstra\u00dfe [&hellip;]<\/p>\n","protected":false},"author":1,"featured_media":0,"parent":0,"menu_order":0,"comment_status":"closed","ping_status":"closed","template":"","meta":{"footnotes":""},"yoast_head":"<!-- This site is optimized with the Yoast SEO plugin v23.5 - https:\/\/yoast.com\/wordpress\/plugins\/seo\/ -->\n<title>Impressum | Praxis Hayen<\/title>\n<meta name=\"description\" content=\"Praxis Hayen \u2013 Internistische Hausarztpraxis in Bassum | Bernd Hayen, Facharzt f\u00fcr Innere Medizin | Haus\u00e4rztliche Versorgung Bassum | Telefon 04241 9229099\" \/>\n<meta name=\"robots\" content=\"index, follow, max-snippet:-1, max-image-preview:large, max-video-preview:-1\" \/>\n<link rel=\"canonical\" href=\"https:\/\/hausarzt-hayen.de\/index.php\/impressum\/\" \/>\n<meta property=\"og:locale\" content=\"de_DE\" \/>\n<meta property=\"og:type\" content=\"article\" \/>\n<meta property=\"og:title\" content=\"Impressum | Praxis Hayen\" \/>\n<meta property=\"og:description\" content=\"Praxis Hayen \u2013 Internistische Hausarztpraxis in Bassum | Bernd Hayen, Facharzt f\u00fcr Innere Medizin | Haus\u00e4rztliche Versorgung Bassum | Telefon 04241 9229099\" \/>\n<meta property=\"og:url\" content=\"https:\/\/hausarzt-hayen.de\/index.php\/impressum\/\" \/>\n<meta property=\"og:site_name\" content=\"Praxis Hayen\" \/>\n<meta property=\"article:modified_time\" content=\"2022-05-04T20:51:04+00:00\" \/>\n<meta name=\"twitter:card\" content=\"summary_large_image\" \/>\n<meta name=\"twitter:label1\" content=\"Gesch\u00e4tzte Lesezeit\" \/>\n\t<meta name=\"twitter:data1\" content=\"1 Minute\" \/>\n<script type=\"application\/ld+json\" class=\"yoast-schema-graph\">{\"@context\":\"https:\/\/schema.org\",\"@graph\":[{\"@type\":\"WebPage\",\"@id\":\"https:\/\/hausarzt-hayen.de\/index.php\/impressum\/\",\"url\":\"https:\/\/hausarzt-hayen.de\/index.php\/impressum\/\",\"name\":\"Impressum | Praxis Hayen\",\"isPartOf\":{\"@id\":\"https:\/\/hausarzt-hayen.de\/#website\"},\"datePublished\":\"2022-03-22T22:34:28+00:00\",\"dateModified\":\"2022-05-04T20:51:04+00:00\",\"description\":\"Praxis Hayen \u2013 Internistische Hausarztpraxis in Bassum | Bernd Hayen, Facharzt f\u00fcr Innere Medizin | Haus\u00e4rztliche Versorgung Bassum | Telefon 04241 9229099\",\"breadcrumb\":{\"@id\":\"https:\/\/hausarzt-hayen.de\/index.php\/impressum\/#breadcrumb\"},\"inLanguage\":\"de-DE\",\"potentialAction\":[{\"@type\":\"ReadAction\",\"target\":[\"https:\/\/hausarzt-hayen.de\/index.php\/impressum\/\"]}]},{\"@type\":\"BreadcrumbList\",\"@id\":\"https:\/\/hausarzt-hayen.de\/index.php\/impressum\/#breadcrumb\",\"itemListElement\":[{\"@type\":\"ListItem\",\"position\":1,\"name\":\"Startseite\",\"item\":\"https:\/\/hausarzt-hayen.de\/\"},{\"@type\":\"ListItem\",\"position\":2,\"name\":\"Impressum\"}]},{\"@type\":\"WebSite\",\"@id\":\"https:\/\/hausarzt-hayen.de\/#website\",\"url\":\"https:\/\/hausarzt-hayen.de\/\",\"name\":\"Praxis Hayen\",\"description\":\"\",\"publisher\":{\"@id\":\"https:\/\/hausarzt-hayen.de\/#organization\"},\"potentialAction\":[{\"@type\":\"SearchAction\",\"target\":{\"@type\":\"EntryPoint\",\"urlTemplate\":\"https:\/\/hausarzt-hayen.de\/?s={search_term_string}\"},\"query-input\":{\"@type\":\"PropertyValueSpecification\",\"valueRequired\":true,\"valueName\":\"search_term_string\"}}],\"inLanguage\":\"de-DE\"},{\"@type\":\"Organization\",\"@id\":\"https:\/\/hausarzt-hayen.de\/#organization\",\"name\":\"Praxis Hayen\",\"url\":\"https:\/\/hausarzt-hayen.de\/\",\"logo\":{\"@type\":\"ImageObject\",\"inLanguage\":\"de-DE\",\"@id\":\"https:\/\/hausarzt-hayen.de\/#\/schema\/logo\/image\/\",\"url\":\"https:\/\/hausarzt-hayen.de\/wp-content\/uploads\/2022\/04\/Logo-Praxis-Hayen.png\",\"contentUrl\":\"https:\/\/hausarzt-hayen.de\/wp-content\/uploads\/2022\/04\/Logo-Praxis-Hayen.png\",\"width\":3900,\"height\":1250,\"caption\":\"Praxis Hayen\"},\"image\":{\"@id\":\"https:\/\/hausarzt-hayen.de\/#\/schema\/logo\/image\/\"}}]}<\/script>\n<!-- \/ Yoast SEO plugin. -->","yoast_head_json":{"title":"Impressum | Praxis Hayen","description":"Praxis Hayen \u2013 Internistische Hausarztpraxis in Bassum | Bernd Hayen, Facharzt f\u00fcr Innere Medizin | Haus\u00e4rztliche Versorgung Bassum | Telefon 04241 9229099","robots":{"index":"index","follow":"follow","max-snippet":"max-snippet:-1","max-image-preview":"max-image-preview:large","max-video-preview":"max-video-preview:-1"},"canonical":"https:\/\/hausarzt-hayen.de\/index.php\/impressum\/","og_locale":"de_DE","og_type":"article","og_title":"Impressum | Praxis Hayen","og_description":"Praxis Hayen \u2013 Internistische Hausarztpraxis in Bassum | Bernd Hayen, Facharzt f\u00fcr Innere Medizin | Haus\u00e4rztliche Versorgung Bassum | Telefon 04241 9229099","og_url":"https:\/\/hausarzt-hayen.de\/index.php\/impressum\/","og_site_name":"Praxis Hayen","article_modified_time":"2022-05-04T20:51:04+00:00","twitter_card":"summary_large_image","twitter_misc":{"Gesch\u00e4tzte Lesezeit":"1 Minute"},"schema":{"@context":"https:\/\/schema.org","@graph":[{"@type":"WebPage","@id":"https:\/\/hausarzt-hayen.de\/index.php\/impressum\/","url":"https:\/\/hausarzt-hayen.de\/index.php\/impressum\/","name":"Impressum | Praxis Hayen","isPartOf":{"@id":"https:\/\/hausarzt-hayen.de\/#website"},"datePublished":"2022-03-22T22:34:28+00:00","dateModified":"2022-05-04T20:51:04+00:00","description":"Praxis Hayen \u2013 Internistische Hausarztpraxis in Bassum | Bernd Hayen, Facharzt f\u00fcr Innere Medizin | Haus\u00e4rztliche Versorgung Bassum | Telefon 04241 9229099","breadcrumb":{"@id":"https:\/\/hausarzt-hayen.de\/index.php\/impressum\/#breadcrumb"},"inLanguage":"de-DE","potentialAction":[{"@type":"ReadAction","target":["https:\/\/hausarzt-hayen.de\/index.php\/impressum\/"]}]},{"@type":"BreadcrumbList","@id":"https:\/\/hausarzt-hayen.de\/index.php\/impressum\/#breadcrumb","itemListElement":[{"@type":"ListItem","position":1,"name":"Startseite","item":"https:\/\/hausarzt-hayen.de\/"},{"@type":"ListItem","position":2,"name":"Impressum"}]},{"@type":"WebSite","@id":"https:\/\/hausarzt-hayen.de\/#website","url":"https:\/\/hausarzt-hayen.de\/","name":"Praxis Hayen","description":"","publisher":{"@id":"https:\/\/hausarzt-hayen.de\/#organization"},"potentialAction":[{"@type":"SearchAction","target":{"@type":"EntryPoint","urlTemplate":"https:\/\/hausarzt-hayen.de\/?s={search_term_string}"},"query-input":{"@type":"PropertyValueSpecification","valueRequired":true,"valueName":"search_term_string"}}],"inLanguage":"de-DE"},{"@type":"Organization","@id":"https:\/\/hausarzt-hayen.de\/#organization","name":"Praxis Hayen","url":"https:\/\/hausarzt-hayen.de\/","logo":{"@type":"ImageObject","inLanguage":"de-DE","@id":"https:\/\/hausarzt-hayen.de\/#\/schema\/logo\/image\/","url":"https:\/\/hausarzt-hayen.de\/wp-content\/uploads\/2022\/04\/Logo-Praxis-Hayen.png","contentUrl":"https:\/\/hausarzt-hayen.de\/wp-content\/uploads\/2022\/04\/Logo-Praxis-Hayen.png","width":3900,"height":1250,"caption":"Praxis Hayen"},"image":{"@id":"https:\/\/hausarzt-hayen.de\/#\/schema\/logo\/image\/"}}]}},"_links":{"self":[{"href":"https:\/\/hausarzt-hayen.de\/index.php\/wp-json\/wp\/v2\/pages\/18"}],"collection":[{"href":"https:\/\/hausarzt-hayen.de\/index.php\/wp-json\/wp\/v2\/pages"}],"about":[{"href":"https:\/\/hausarzt-hayen.de\/index.php\/wp-json\/wp\/v2\/types\/page"}],"author":[{"embeddable":true,"href":"https:\/\/hausarzt-hayen.de\/index.php\/wp-json\/wp\/v2\/users\/1"}],"replies":[{"embeddable":true,"href":"https:\/\/hausarzt-hayen.de\/index.php\/wp-json\/wp\/v2\/comments?post=18"}],"version-history":[{"count":7,"href":"https:\/\/hausarzt-hayen.de\/index.php\/wp-json\/wp\/v2\/pages\/18\/revisions"}],"predecessor-version":[{"id":273,"href":"https:\/\/hausarzt-hayen.de\/index.php\/wp-json\/wp\/v2\/pages\/18\/revisions\/273"}],"wp:attachment":[{"href":"https:\/\/hausarzt-hayen.de\/index.php\/wp-json\/wp\/v2\/media?parent=18"}],"curies":[{"name":"wp","href":"https:\/\/api.w.org\/{rel}","templated":true}]}}